{"id":9,"date":"2025-03-27T10:52:26","date_gmt":"2025-03-27T10:52:26","guid":{"rendered":"https:\/\/www.bagnoclasse.it\/iniziamo\/?page_id=9"},"modified":"2025-05-12T15:33:24","modified_gmt":"2025-05-12T15:33:24","slug":"homepage","status":"publish","type":"page","link":"http:\/\/www.bagnoclasse.it\/iniziamo\/","title":{"rendered":"Homepage"},"content":{"rendered":"\n<p>Benvenuti al Bagno Classe. <\/p>\n\n\n\n<p>Se stai cercando la calma e la tranquillit\u00e0, con un forte legame alle tipicit\u00e0 romagnole sei nel posto giusto.  Abbiamo un&#8217;impronta classica alla spiaggia, dove \u00e8 lo stabilimento balneare al centro di tutto. Il nostro cuore cuore gli ombrelloni e i lettini, la classica giornata in spiaggia sotto il sole con il rumore delle onde come sottofondo e l&#8217;odore di crema abbronzante nell&#8217;aria. Come gli stabilimenti balneari di una volta, facciamo del nostro meglio per offrire ospitalit\u00e0 e relax a chiunque ne abbia bisogno e forniamo tutti i servizi necessari a passare una giornata o una vacanza, senza pensieri. <\/p>\n\n\n\n<p>Servizio caffetteria e bar aperto dall&#8217;alba al tramonto. Un ristorante orientato ai piatti tipici con specialit\u00e0 di pesce e della tavola romagnola. Dolci fatti in casa. Merende da gustare e granite per rinfrescarsi fino all&#8217;aperitivo serale.<\/p>\n\n\n\n<p><\/p>\n\n\n\n<p><\/p>\n","protected":false},"excerpt":{"rendered":"<p>Benvenuti al Bagno Classe. Se stai cercando la calma e la tranquillit\u00e0, con un forte legame alle tipicit\u00e0 romagnole sei nel posto giusto. Abbiamo un&#8217;impronta classica alla spiaggia, dove \u00e8 lo stabilimento balneare al centro di tutto. Il nostro cuore cuore gli ombrelloni e i lettini, la classica giornata in spiaggia sotto il sole con &hellip; <\/p>\n<p class=\"link-more\"><a href=\"http:\/\/www.bagnoclasse.it\/iniziamo\/\" class=\"more-link\">Leggi tutto<span class=\"screen-reader-text\"> &#8220;Homepage&#8221;<\/span><\/a><\/p>\n","protected":false},"author":1,"featured_media":0,"parent":0,"menu_order":0,"comment_status":"closed","ping_status":"closed","template":"","meta":{"footnotes":""},"class_list":["post-9","page","type-page","status-publish","hentry"],"_links":{"self":[{"href":"http:\/\/www.bagnoclasse.it\/iniziamo\/wp-json\/wp\/v2\/pages\/9","targetHints":{"allow":["GET"]}}],"collection":[{"href":"http:\/\/www.bagnoclasse.it\/iniziamo\/wp-json\/wp\/v2\/pages"}],"about":[{"href":"http:\/\/www.bagnoclasse.it\/iniziamo\/wp-json\/wp\/v2\/types\/page"}],"author":[{"embeddable":true,"href":"http:\/\/www.bagnoclasse.it\/iniziamo\/wp-json\/wp\/v2\/users\/1"}],"replies":[{"embeddable":true,"href":"http:\/\/www.bagnoclasse.it\/iniziamo\/wp-json\/wp\/v2\/comments?post=9"}],"version-history":[{"count":4,"href":"http:\/\/www.bagnoclasse.it\/iniziamo\/wp-json\/wp\/v2\/pages\/9\/revisions"}],"predecessor-version":[{"id":81,"href":"http:\/\/www.bagnoclasse.it\/iniziamo\/wp-json\/wp\/v2\/pages\/9\/revisions\/81"}],"wp:attachment":[{"href":"http:\/\/www.bagnoclasse.it\/iniziamo\/wp-json\/wp\/v2\/media?parent=9"}],"curies":[{"name":"wp","href":"https:\/\/api.w.org\/{rel}","templated":true}]}}